{"id":139,"date":"2023-04-24T20:14:18","date_gmt":"2023-04-24T20:14:18","guid":{"rendered":"http:\/\/0453402.cpsw-fcsei.com\/wordpress\/?page_id=139"},"modified":"2023-04-28T15:11:07","modified_gmt":"2023-04-28T15:11:07","slug":"analyse-des-besoins-et-explication-du-choix-du-theme","status":"publish","type":"page","link":"http:\/\/0453402.cpsw-fcsei.com\/wordpress\/analyse-des-besoins-et-explication-du-choix-du-theme\/","title":{"rendered":"Analyse des besoins et explication du choix du th\u00e8me"},"content":{"rendered":"\n<p>24\/04\/2023<\/p>\n\n\n\n<p>Mon analyse primaire des besoins de la compagnie &lsquo;MontVoyage&rsquo; m&rsquo;indique que cette compagnie recherche un site Internet simple, o\u00f9 celle-ci pourra afficher un courte page d&rsquo;accueil, ses voyages offerts, son \u00e9quipe, en plus d&rsquo;une page pour communiquer avec eux. Le site devait aussi utiliser une nouvelle version de th\u00e8me avec un \u00e9diteur de mod\u00e8le et les \u00e9l\u00e9ments de mod\u00e8les. Le propri\u00e9taire de la compagnie, Jacques, m&rsquo;a remis tous les \u00e9l\u00e9ments qu&rsquo;il aimerait voir appara\u00eetre dans son site. Dans l&rsquo;\u00e9valuation de son contenu propos\u00e9, quelques suggestions lui sera propos\u00e9 pour am\u00e9liorer la coh\u00e9rence de son site.<\/p>\n\n\n\n<ul class=\"wp-block-list\">\n<li>Au niveau du texte de l&rsquo;accueil, celui-ci est un peu long, mais offre quand m\u00eame un bel aper\u00e7u des activit\u00e9s offertes, en plus de la passion de la compagnie. <\/li>\n\n\n\n<li>Au niveau des voyages, il me manque plusieurs informations, dont le co\u00fbt des exp\u00e9ditions, le nombre de jour, et l&rsquo;\u00e9quipement n\u00e9cessaire pour participer \u00e0 l&rsquo;excursion. Aussi, il serait \u00e0 mon sens pertinent d&rsquo;indiquer le niveau de forme physique minimal n\u00e9cessaire pour chacune des excursions. <\/li>\n\n\n\n<li>Dans la section \u00e9quipes, il me semble que monsieur Ramirez devrait aussi avoir une petite biographie. <\/li>\n\n\n\n<li>Enfin, la section nous joindre me semble probl\u00e9matique. Beaucoup trop de texte est offert, et la section devrait se concentrer \u00e0 offrir les informations n\u00e9cessaire de mani\u00e8re concise.<\/li>\n<\/ul>\n\n\n\n<p>Pour ce qui est du choix du th\u00e8me, j&rsquo;ai d\u00e9cid\u00e9 d&rsquo;y aller avec un th\u00e8me simple, qui laisse toute la place aux images offertes par la compagnie. La facilit\u00e9 de navigation, l&#8217;emphase sur les exp\u00e9ditions offertes, et l&rsquo;aisance \u00e0 trouver les informations de contact devrait \u00eatre les priorit\u00e9s de la compagnie. Un th\u00e8me avec beaucoup d&rsquo;artifice ne serait pas \u00e0 l&rsquo;avantage du site minuscule de l&rsquo;entreprise. <\/p>\n","protected":false},"excerpt":{"rendered":"<p>24\/04\/2023 Mon analyse primaire des besoins de la compagnie &lsquo;MontVoyage&rsquo; m&rsquo;indique que cette compagnie recherche un site Internet simple, o\u00f9 celle-ci pourra afficher un courte&hellip;<\/p>\n","protected":false},"author":1,"featured_media":0,"parent":0,"menu_order":0,"comment_status":"closed","ping_status":"closed","template":"","meta":{"footnotes":"","_links_to":"","_links_to_target":""},"class_list":["post-139","page","type-page","status-publish","hentry"],"_links":{"self":[{"href":"http:\/\/0453402.cpsw-fcsei.com\/wordpress\/wp-json\/wp\/v2\/pages\/139","targetHints":{"allow":["GET"]}}],"collection":[{"href":"http:\/\/0453402.cpsw-fcsei.com\/wordpress\/wp-json\/wp\/v2\/pages"}],"about":[{"href":"http:\/\/0453402.cpsw-fcsei.com\/wordpress\/wp-json\/wp\/v2\/types\/page"}],"author":[{"embeddable":true,"href":"http:\/\/0453402.cpsw-fcsei.com\/wordpress\/wp-json\/wp\/v2\/users\/1"}],"replies":[{"embeddable":true,"href":"http:\/\/0453402.cpsw-fcsei.com\/wordpress\/wp-json\/wp\/v2\/comments?post=139"}],"version-history":[{"count":3,"href":"http:\/\/0453402.cpsw-fcsei.com\/wordpress\/wp-json\/wp\/v2\/pages\/139\/revisions"}],"predecessor-version":[{"id":161,"href":"http:\/\/0453402.cpsw-fcsei.com\/wordpress\/wp-json\/wp\/v2\/pages\/139\/revisions\/161"}],"wp:attachment":[{"href":"http:\/\/0453402.cpsw-fcsei.com\/wordpress\/wp-json\/wp\/v2\/media?parent=139"}],"curies":[{"name":"wp","href":"https:\/\/api.w.org\/{rel}","templated":true}]}}