{"id":42,"date":"2023-04-22T18:17:10","date_gmt":"2023-04-22T18:17:10","guid":{"rendered":"http:\/\/0453402.cpsw-fcsei.com\/wordpress\/?page_id=42"},"modified":"2023-05-01T13:51:23","modified_gmt":"2023-05-01T13:51:23","slug":"nous-joindre","status":"publish","type":"page","link":"http:\/\/0453402.cpsw-fcsei.com\/wordpress\/nous-joindre\/","title":{"rendered":"Nous joindre"},"content":{"rendered":"\n<p>Nous sommes heureux de vous aider avec toutes vos questions et demandes de renseignements. Voici les diff\u00e9rentes fa\u00e7ons de nous joindre:<\/p>\n\n\n\n<p>Courriel: <br><a href=\"mailto:info@montagnesduquebec.com\"><em>info@montagnesduquebec.com<\/em><\/a><\/p>\n\n\n\n<p><strong>T\u00e9l\u00e9phone: <\/strong><br><em>+1 (514) 555-1234<\/em><strong> <\/strong><br>Lundi au vendredi de 9h00ET \u00e0 17h00ET<\/p>\n\n\n\n<p><strong>Courrier: <\/strong><br><em>123 rue de la Montagne<br>Montr\u00e9al, Qu\u00e9bec<br>Canada <br>H1H 1H1<\/em><\/p>\n\n\n\n<p>R\u00e9seaux sociaux: <br><em><a href=\"https:\/\/facebook.com\" data-type=\"URL\" data-id=\"https:\/\/facebook.com\">Facebook<\/a><br><a href=\"https:\/\/instagram.com\" data-type=\"URL\" data-id=\"https:\/\/instagram.com\">Instagram<\/a><br><a href=\"https:\/\/twitter.com\" data-type=\"URL\" data-id=\"https:\/\/twitter.com\">Twitter<\/a><\/em><\/p>\n","protected":false},"excerpt":{"rendered":"<p>Nous sommes heureux de vous aider avec toutes vos questions et demandes de renseignements. Voici les diff\u00e9rentes fa\u00e7ons de nous joindre: Courriel: info@montagnesduquebec.com T\u00e9l\u00e9phone: +1&hellip;<\/p>\n","protected":false},"author":1,"featured_media":0,"parent":0,"menu_order":0,"comment_status":"closed","ping_status":"closed","template":"","meta":{"footnotes":"","_links_to":"","_links_to_target":""},"class_list":["post-42","page","type-page","status-publish","hentry"],"_links":{"self":[{"href":"http:\/\/0453402.cpsw-fcsei.com\/wordpress\/wp-json\/wp\/v2\/pages\/42","targetHints":{"allow":["GET"]}}],"collection":[{"href":"http:\/\/0453402.cpsw-fcsei.com\/wordpress\/wp-json\/wp\/v2\/pages"}],"about":[{"href":"http:\/\/0453402.cpsw-fcsei.com\/wordpress\/wp-json\/wp\/v2\/types\/page"}],"author":[{"embeddable":true,"href":"http:\/\/0453402.cpsw-fcsei.com\/wordpress\/wp-json\/wp\/v2\/users\/1"}],"replies":[{"embeddable":true,"href":"http:\/\/0453402.cpsw-fcsei.com\/wordpress\/wp-json\/wp\/v2\/comments?post=42"}],"version-history":[{"count":3,"href":"http:\/\/0453402.cpsw-fcsei.com\/wordpress\/wp-json\/wp\/v2\/pages\/42\/revisions"}],"predecessor-version":[{"id":171,"href":"http:\/\/0453402.cpsw-fcsei.com\/wordpress\/wp-json\/wp\/v2\/pages\/42\/revisions\/171"}],"wp:attachment":[{"href":"http:\/\/0453402.cpsw-fcsei.com\/wordpress\/wp-json\/wp\/v2\/media?parent=42"}],"curies":[{"name":"wp","href":"https:\/\/api.w.org\/{rel}","templated":true}]}}